{"id":1972,"date":"2024-05-20T18:26:18","date_gmt":"2024-05-20T16:26:18","guid":{"rendered":"https:\/\/campus.pgalcala.es\/?page_id=1972"},"modified":"2026-03-25T20:21:29","modified_gmt":"2026-03-25T19:21:29","slug":"personal","status":"publish","type":"page","link":"https:\/\/campus.pgalcala.es\/?page_id=1972","title":{"rendered":"Personal"},"content":{"rendered":"\t\t<div data-elementor-type=\"wp-page\" data-elementor-id=\"1972\" class=\"elementor elementor-1972\" data-elementor-settings=\"{&quot;ha_cmc_init_switcher&quot;:&quot;no&quot;}\">\n\t\t\t\t<div class=\"elementor-element elementor-element-2044369 e-flex e-con-boxed e-con e-parent\" data-id=\"2044369\" data-element_type=\"container\" data-e-type=\"container\" data-settings=\"{&quot;_ha_eqh_enable&quot;:false}\">\n\t\t\t\t\t<div class=\"e-con-inner\">\n\t\t\t\t<div class=\"elementor-element elementor-element-dfc8cf5 exad-sticky-section-no exad-glass-effect-no elementor-widget elementor-widget-heading\" data-id=\"dfc8cf5\" data-element_type=\"widget\" data-e-type=\"widget\" data-widget_type=\"heading.default\">\n\t\t\t\t<div class=\"elementor-widget-container\">\n\t\t\t\t\t<h2 class=\"elementor-heading-title elementor-size-default\">Nuestro equipo<\/h2>\t\t\t\t<\/div>\n\t\t\t\t<\/div>\n\t\t\t\t\t<\/div>\n\t\t\t\t<\/div>\n\t\t<div class=\"elementor-element elementor-element-79813b3 e-flex e-con-boxed e-con e-parent\" data-id=\"79813b3\" data-element_type=\"container\" data-e-type=\"container\" data-settings=\"{&quot;_ha_eqh_enable&quot;:false}\">\n\t\t\t\t\t<div class=\"e-con-inner\">\n\t\t\t\t<div class=\"elementor-element elementor-element-7b6edf8 exad-sticky-section-no exad-glass-effect-no elementor-widget elementor-widget-elementskit-team\" data-id=\"7b6edf8\" data-element_type=\"widget\" data-e-type=\"widget\" data-settings=\"{&quot;_animation&quot;:&quot;none&quot;}\" data-widget_type=\"elementskit-team.default\">\n\t\t\t\t<div class=\"elementor-widget-container\">\n\t\t\t\t\t<div class=\"ekit-wid-con\">\t\t\t\t\t\t\t\t\n\t\t<div class=\"profile-card elementor-animation- text-center ekit-team-style-default\">\n\t\t\t\t\t\t\t<a aria-label=\"profile\" href=\"javascript:void(0)\" data-mfp-src=\"#ekit_team_modal_7b6edf8_1972\" class=\"ekit-team-popup\">\n\t\t\t\n\t\t\t\t<div class=\"profile-header ekit-team-img ekit-img-overlay ekit-team-img-block\"  data-toggle=\"modal\" data-target=\"ekit_team_modal_#7b6edf8_1972\" >\n\t\t\t\t\t<img fetchpriority=\"high\" decoding=\"async\" width=\"1200\" height=\"1600\" src=\"https:\/\/campus.pgalcala.es\/wp-content\/uploads\/2024\/06\/Tomas_1.jpg\" class=\"attachment-large size-large wp-image-2084\" alt=\"\" srcset=\"https:\/\/campus.pgalcala.es\/wp-content\/uploads\/2024\/06\/Tomas_1.jpg 1200w, https:\/\/campus.pgalcala.es\/wp-content\/uploads\/2024\/06\/Tomas_1-225x300.jpg 225w, https:\/\/campus.pgalcala.es\/wp-content\/uploads\/2024\/06\/Tomas_1-768x1024.jpg 768w, https:\/\/campus.pgalcala.es\/wp-content\/uploads\/2024\/06\/Tomas_1-1152x1536.jpg 1152w\" sizes=\"(max-width: 1200px) 100vw, 1200px\" \/>\t\t\t\t<\/div><!-- .profile-header END -->\n\t\t\t\t\t\t\t<\/a>\n\t\t\t\n\n\t\t\t\t<div class=\"profile-body\">\n\t\t\t\t\t\n\t\t\t\t\t<h2 class=\"profile-title\">\n\t\t\t\t\t\t\t\t\t\t\t<a aria-label=\"profile\" href=\"javascript:void(0)\" data-mfp-src=\"#ekit_team_modal_7b6edf8_1972\" class=\"ekit-team-popup\">\n\t\t\t\t\t\tTom\u00e1s L\u00f3pez\t\t\t\t\t\t<\/a>\n\t\t\t\t\t\t\t\t\t\t\t<\/h2>\n\t\t\t\t\t<p class=\"profile-designation\">Director Deportivo<\/p>\n\t\t\t\t\t\t\t\t\t\t<p class=\"profile-content\">Ex jugador de baloncesto profesional, curso de entrenador nacional. \nTrabajando en la formaci\u00f3n integral de jugadores y jugadoras j\u00f3venes.<\/p>\n\t\t\t\t\t\t\t\t\t<\/div><!-- .profile-body END -->\n\n\t\t\t\t\t\t\t\t<\/div>\n\t\t\t\t\t\t\t\n\t\t\t\n\t\t\t\t\t<div class=\"zoom-anim-dialog mfp-hide elementskit-team-popup team-popup-id-7b6edf8\" id=\"ekit_team_modal_7b6edf8_1972\" tabindex=\"-1\" role=\"dialog\" aria-modal=\"true\">\n\t\t\t\t<div class=\"modal-dialog modal-dialog-centered\" role=\"document\">\n\t\t\t\t\t<div class=\"modal-content\">\n\t\t\t\t\t\t<button type=\"button\" class=\"ekit-team-modal-close\">\n\t\t\t\t\t\t\t<svg aria-hidden=\"true\" class=\"e-font-icon-svg e-fas-times\" viewBox=\"0 0 352 512\" xmlns=\"http:\/\/www.w3.org\/2000\/svg\"><path d=\"M242.72 256l100.07-100.07c12.28-12.28 12.28-32.19 0-44.48l-22.24-22.24c-12.28-12.28-32.19-12.28-44.48 0L176 189.28 75.93 89.21c-12.28-12.28-32.19-12.28-44.48 0L9.21 111.45c-12.28 12.28-12.28 32.19 0 44.48L109.28 256 9.21 356.07c-12.28 12.28-12.28 32.19 0 44.48l22.24 22.24c12.28 12.28 32.2 12.28 44.48 0L176 322.72l100.07 100.07c12.28 12.28 32.2 12.28 44.48 0l22.24-22.24c12.28-12.28 12.28-32.19 0-44.48L242.72 256z\"><\/path><\/svg>\t\t\t\t\t\t<\/button>\n\n\t\t\t\t\t\t<div class=\"modal-body\">\n\t\t\t\t\t\t\t\t\t\t\t\t\t\t\t<div class=\"ekit-team-modal-img\">\n\t\t\t\t\t\t\t\t\t<img fetchpriority=\"high\" decoding=\"async\" width=\"1200\" height=\"1600\" src=\"https:\/\/campus.pgalcala.es\/wp-content\/uploads\/2024\/06\/Tomas_1.jpg\" class=\"attachment-large size-large wp-image-2084\" alt=\"\" srcset=\"https:\/\/campus.pgalcala.es\/wp-content\/uploads\/2024\/06\/Tomas_1.jpg 1200w, https:\/\/campus.pgalcala.es\/wp-content\/uploads\/2024\/06\/Tomas_1-225x300.jpg 225w, https:\/\/campus.pgalcala.es\/wp-content\/uploads\/2024\/06\/Tomas_1-768x1024.jpg 768w, https:\/\/campus.pgalcala.es\/wp-content\/uploads\/2024\/06\/Tomas_1-1152x1536.jpg 1152w\" sizes=\"(max-width: 1200px) 100vw, 1200px\" \/>\t\t\t\t\t\t\t\t<\/div>\n\t\t\t\t\t\t\t\n\t\t\t\t\t\t\t<div class=\"ekit-team-modal-info has-img\">\n\t\t\t\t\t\t\t\t<h2 class=\"ekit-team-modal-title\">Tom\u00e1s L\u00f3pez<\/h2>\n\t\t\t\t\t\t\t\t<p class=\"ekit-team-modal-position\">Director Deportivo<\/p>\n\n\t\t\t\t\t\t\t\t<div class=\"ekit-team-modal-content\">\n\t\t\t\t\t\t\t\t\tEx jugador de baloncesto profesional, curso de entrenador nacional. Trabajando en la formaci\u00f3n integral de jugadores y jugadoras j\u00f3venes.\t\t\t\t\t\t\t\t<\/div>\n\n\t\t\t\t\t\t\t\t\t\t\t\t\t\t\t\t\t<ul class=\"ekit-team-modal-list\">\n\t\t\t\t\t\t\t\t\t\t\t\t\t\t\t\t\t\t\t\t\t<li><strong>Tel\u00e9fono:<\/strong><a href=\"tel:+1 (859) 254-6589\">+1 (859) 254-6589<\/a><\/li>\n\t\t\t\t\t\t\t\t\t\t\n\t\t\t\t\t\t\t\t\t\t\t\t\t\t\t\t\t\t\t\t\t<li><strong>Correo electr\u00f3nico:<\/strong><a href=\"mailto:info@example.com\">info@example.com<\/a><\/li>\n\t\t\t\t\t\t\t\t\t\t\t\t\t\t\t\t\t\t\t<\/ul>\n\t\t\t\t\t\t\t\t\n\t\t\t\t\t\t\t\t\t\t\t\t\t\t\t<\/div>\n\t\t\t\t\t\t<\/div>\n\t\t\t\t\t<\/div>\n\t\t\t\t<\/div>\n\t\t\t<\/div>\n\t\t\t\t<\/div>\t\t\t\t<\/div>\n\t\t\t\t<\/div>\n\t\t\t\t\t<\/div>\n\t\t\t\t<\/div>\n\t\t<div class=\"elementor-element elementor-element-ebb53ff e-flex e-con-boxed e-con e-parent\" data-id=\"ebb53ff\" data-element_type=\"container\" data-e-type=\"container\" data-settings=\"{&quot;_ha_eqh_enable&quot;:false}\">\n\t\t\t\t\t<div class=\"e-con-inner\">\n\t\t\t\t<div class=\"elementor-element elementor-element-04f20c5 exad-sticky-section-no exad-glass-effect-no elementor-widget elementor-widget-heading\" data-id=\"04f20c5\" data-element_type=\"widget\" data-e-type=\"widget\" data-widget_type=\"heading.default\">\n\t\t\t\t<div class=\"elementor-widget-container\">\n\t\t\t\t\t<h2 class=\"elementor-heading-title elementor-size-default\">cuerpo t\u00e9cnico<\/h2>\t\t\t\t<\/div>\n\t\t\t\t<\/div>\n\t\t\t\t\t<\/div>\n\t\t\t\t<\/div>\n\t\t<div class=\"elementor-element elementor-element-2ec4f01 e-grid e-con-boxed e-con e-parent\" data-id=\"2ec4f01\" data-element_type=\"container\" data-e-type=\"container\" data-settings=\"{&quot;_ha_eqh_enable&quot;:false}\">\n\t\t\t\t\t<div class=\"e-con-inner\">\n\t\t\t\t<div class=\"elementor-element elementor-element-47bb076 exad-sticky-section-no exad-glass-effect-no elementor-widget elementor-widget-elementskit-team\" data-id=\"47bb076\" data-element_type=\"widget\" data-e-type=\"widget\" data-settings=\"{&quot;_animation&quot;:&quot;none&quot;}\" data-widget_type=\"elementskit-team.default\">\n\t\t\t\t<div class=\"elementor-widget-container\">\n\t\t\t\t\t<div class=\"ekit-wid-con\">\t\t\t\t\t\t\t\t\n\t\t<div class=\"profile-card elementor-animation- text-center ekit-team-style-default\">\n\t\t\t\n\t\t\t\t<div class=\"profile-header ekit-team-img ekit-img-overlay ekit-team-img-block\" >\n\t\t\t\t\t<img decoding=\"async\" width=\"1200\" height=\"1600\" src=\"https:\/\/campus.pgalcala.es\/wp-content\/uploads\/2024\/06\/Jorge_1.jpg\" class=\"attachment-large size-large wp-image-2082\" alt=\"\" srcset=\"https:\/\/campus.pgalcala.es\/wp-content\/uploads\/2024\/06\/Jorge_1.jpg 1200w, https:\/\/campus.pgalcala.es\/wp-content\/uploads\/2024\/06\/Jorge_1-225x300.jpg 225w, https:\/\/campus.pgalcala.es\/wp-content\/uploads\/2024\/06\/Jorge_1-768x1024.jpg 768w, https:\/\/campus.pgalcala.es\/wp-content\/uploads\/2024\/06\/Jorge_1-1152x1536.jpg 1152w\" sizes=\"(max-width: 1200px) 100vw, 1200px\" \/>\t\t\t\t<\/div><!-- .profile-header END -->\n\t\t\t\n\n\t\t\t\t<div class=\"profile-body\">\n\t\t\t\t\t\n\t\t\t\t\t<h2 class=\"profile-title\">\n\t\t\t\t\t\t\t\t\t\t\tJorge Vega\t\t\t\t\t\t\t\t\t\t<\/h2>\n\t\t\t\t\t<p class=\"profile-designation\">Entrenador<\/p>\n\t\t\t\t\t\t\t\t\t\t<p class=\"profile-content\">Jugador con muchos a\u00f1os de experiencia en toda Andaluc\u00eda y entrenador\u00a0incansable.<\/p>\n\t\t\t\t\t\t\t\t\t<\/div><!-- .profile-body END -->\n\n\t\t\t\t\t\t\t\t<\/div>\n\t\t\t\t\t\t\t\n\t\t\t\n\t\t\t\t<\/div>\t\t\t\t<\/div>\n\t\t\t\t<\/div>\n\t\t\t\t<div class=\"elementor-element elementor-element-9ca29bf exad-sticky-section-no exad-glass-effect-no elementor-widget elementor-widget-elementskit-team\" data-id=\"9ca29bf\" data-element_type=\"widget\" data-e-type=\"widget\" data-settings=\"{&quot;_animation&quot;:&quot;none&quot;}\" data-widget_type=\"elementskit-team.default\">\n\t\t\t\t<div class=\"elementor-widget-container\">\n\t\t\t\t\t<div class=\"ekit-wid-con\">\t\t\t\t\t\t\t\t\n\t\t<div class=\"profile-card elementor-animation- text-center ekit-team-style-default\">\n\t\t\t\n\t\t\t\t<div class=\"profile-header ekit-team-img ekit-img-overlay ekit-team-img-block\" >\n\t\t\t\t\t<img decoding=\"async\" width=\"1024\" height=\"1792\" src=\"https:\/\/campus.pgalcala.es\/wp-content\/uploads\/2025\/04\/Desconocido.png\" class=\"attachment-large size-large wp-image-3836\" alt=\"\" srcset=\"https:\/\/campus.pgalcala.es\/wp-content\/uploads\/2025\/04\/Desconocido.png 1024w, https:\/\/campus.pgalcala.es\/wp-content\/uploads\/2025\/04\/Desconocido-171x300.png 171w, https:\/\/campus.pgalcala.es\/wp-content\/uploads\/2025\/04\/Desconocido-768x1344.png 768w, https:\/\/campus.pgalcala.es\/wp-content\/uploads\/2025\/04\/Desconocido-878x1536.png 878w\" sizes=\"(max-width: 1024px) 100vw, 1024px\" \/>\t\t\t\t<\/div><!-- .profile-header END -->\n\t\t\t\n\n\t\t\t\t<div class=\"profile-body\">\n\t\t\t\t\t\n\t\t\t\t\t<h2 class=\"profile-title\">\n\t\t\t\t\t\t\t\t\t\t\t\t\t\t\t\t\t\t\t\t\t<\/h2>\n\t\t\t\t\t<p class=\"profile-designation\"><\/p>\n\t\t\t\t\t\t\t\t\t<\/div><!-- .profile-body END -->\n\n\t\t\t\t\t\t\t\t<\/div>\n\t\t\t\t\t\t\t\n\t\t\t\n\t\t\t\t<\/div>\t\t\t\t<\/div>\n\t\t\t\t<\/div>\n\t\t\t\t<div class=\"elementor-element elementor-element-83fa278 exad-sticky-section-no exad-glass-effect-no elementor-widget elementor-widget-elementskit-team\" data-id=\"83fa278\" data-element_type=\"widget\" data-e-type=\"widget\" data-settings=\"{&quot;_animation&quot;:&quot;none&quot;}\" data-widget_type=\"elementskit-team.default\">\n\t\t\t\t<div class=\"elementor-widget-container\">\n\t\t\t\t\t<div class=\"ekit-wid-con\">\t\t\t\t\t\t\t\t\n\t\t<div class=\"profile-card elementor-animation- text-center ekit-team-style-default\">\n\t\t\t\n\t\t\t\t<div class=\"profile-header ekit-team-img ekit-img-overlay ekit-team-img-block\" >\n\t\t\t\t\t<img decoding=\"async\" width=\"1024\" height=\"1792\" src=\"https:\/\/campus.pgalcala.es\/wp-content\/uploads\/2025\/04\/Desconocido.png\" class=\"attachment-large size-large wp-image-3836\" alt=\"\" srcset=\"https:\/\/campus.pgalcala.es\/wp-content\/uploads\/2025\/04\/Desconocido.png 1024w, https:\/\/campus.pgalcala.es\/wp-content\/uploads\/2025\/04\/Desconocido-171x300.png 171w, https:\/\/campus.pgalcala.es\/wp-content\/uploads\/2025\/04\/Desconocido-768x1344.png 768w, https:\/\/campus.pgalcala.es\/wp-content\/uploads\/2025\/04\/Desconocido-878x1536.png 878w\" sizes=\"(max-width: 1024px) 100vw, 1024px\" \/>\t\t\t\t<\/div><!-- .profile-header END -->\n\t\t\t\n\n\t\t\t\t<div class=\"profile-body\">\n\t\t\t\t\t\n\t\t\t\t\t<h2 class=\"profile-title\">\n\t\t\t\t\t\t\t\t\t\t\t\t\t\t\t\t\t\t\t\t\t<\/h2>\n\t\t\t\t\t<p class=\"profile-designation\"><\/p>\n\t\t\t\t\t\t\t\t\t<\/div><!-- .profile-body END -->\n\n\t\t\t\t\t\t\t\t<\/div>\n\t\t\t\t\t\t\t\n\t\t\t\n\t\t\t\t<\/div>\t\t\t\t<\/div>\n\t\t\t\t<\/div>\n\t\t\t\t<div class=\"elementor-element elementor-element-2ae88f3 exad-sticky-section-no exad-glass-effect-no elementor-widget elementor-widget-elementskit-team\" data-id=\"2ae88f3\" data-element_type=\"widget\" data-e-type=\"widget\" data-settings=\"{&quot;_animation&quot;:&quot;none&quot;}\" data-widget_type=\"elementskit-team.default\">\n\t\t\t\t<div class=\"elementor-widget-container\">\n\t\t\t\t\t<div class=\"ekit-wid-con\">\t\t\t\t\t\t\t\t\n\t\t<div class=\"profile-card elementor-animation- text-center ekit-team-style-default\">\n\t\t\t\n\t\t\t\t<div class=\"profile-header ekit-team-img ekit-img-overlay ekit-team-img-block\" >\n\t\t\t\t\t<img decoding=\"async\" width=\"1024\" height=\"1792\" src=\"https:\/\/campus.pgalcala.es\/wp-content\/uploads\/2025\/04\/Desconocido.png\" class=\"attachment-large size-large wp-image-3836\" alt=\"\" srcset=\"https:\/\/campus.pgalcala.es\/wp-content\/uploads\/2025\/04\/Desconocido.png 1024w, https:\/\/campus.pgalcala.es\/wp-content\/uploads\/2025\/04\/Desconocido-171x300.png 171w, https:\/\/campus.pgalcala.es\/wp-content\/uploads\/2025\/04\/Desconocido-768x1344.png 768w, https:\/\/campus.pgalcala.es\/wp-content\/uploads\/2025\/04\/Desconocido-878x1536.png 878w\" sizes=\"(max-width: 1024px) 100vw, 1024px\" \/>\t\t\t\t<\/div><!-- .profile-header END -->\n\t\t\t\n\n\t\t\t\t<div class=\"profile-body\">\n\t\t\t\t\t\n\t\t\t\t\t<h2 class=\"profile-title\">\n\t\t\t\t\t\t\t\t\t\t\t\t\t\t\t\t\t\t\t\t\t<\/h2>\n\t\t\t\t\t<p class=\"profile-designation\"><\/p>\n\t\t\t\t\t\t\t\t\t<\/div><!-- .profile-body END -->\n\n\t\t\t\t\t\t\t\t<\/div>\n\t\t\t\t\t\t\t\n\t\t\t\n\t\t\t\t<\/div>\t\t\t\t<\/div>\n\t\t\t\t<\/div>\n\t\t\t\t<div class=\"elementor-element elementor-element-012f1e2 exad-sticky-section-no exad-glass-effect-no elementor-widget elementor-widget-elementskit-team\" data-id=\"012f1e2\" data-element_type=\"widget\" data-e-type=\"widget\" data-settings=\"{&quot;_animation&quot;:&quot;none&quot;}\" data-widget_type=\"elementskit-team.default\">\n\t\t\t\t<div class=\"elementor-widget-container\">\n\t\t\t\t\t<div class=\"ekit-wid-con\">\t\t\t\t\t\t\t\t\n\t\t<div class=\"profile-card elementor-animation- text-center ekit-team-style-default\">\n\t\t\t\n\t\t\t\t<div class=\"profile-header ekit-team-img ekit-img-overlay ekit-team-img-block\" >\n\t\t\t\t\t<img decoding=\"async\" width=\"1024\" height=\"1792\" src=\"https:\/\/campus.pgalcala.es\/wp-content\/uploads\/2025\/04\/Desconocido.png\" class=\"attachment-large size-large wp-image-3836\" alt=\"\" srcset=\"https:\/\/campus.pgalcala.es\/wp-content\/uploads\/2025\/04\/Desconocido.png 1024w, https:\/\/campus.pgalcala.es\/wp-content\/uploads\/2025\/04\/Desconocido-171x300.png 171w, https:\/\/campus.pgalcala.es\/wp-content\/uploads\/2025\/04\/Desconocido-768x1344.png 768w, https:\/\/campus.pgalcala.es\/wp-content\/uploads\/2025\/04\/Desconocido-878x1536.png 878w\" sizes=\"(max-width: 1024px) 100vw, 1024px\" \/>\t\t\t\t<\/div><!-- .profile-header END -->\n\t\t\t\n\n\t\t\t\t<div class=\"profile-body\">\n\t\t\t\t\t\n\t\t\t\t\t<h2 class=\"profile-title\">\n\t\t\t\t\t\t\t\t\t\t\t\t\t\t\t\t\t\t\t\t\t<\/h2>\n\t\t\t\t\t<p class=\"profile-designation\"><\/p>\n\t\t\t\t\t\t\t\t\t<\/div><!-- .profile-body END -->\n\n\t\t\t\t\t\t\t\t<\/div>\n\t\t\t\t\t\t\t\n\t\t\t\n\t\t\t\t<\/div>\t\t\t\t<\/div>\n\t\t\t\t<\/div>\n\t\t\t\t\t<\/div>\n\t\t\t\t<\/div>\n\t\t<div class=\"elementor-element elementor-element-ef49ac2 e-flex e-con-boxed e-con e-parent\" data-id=\"ef49ac2\" data-element_type=\"container\" data-e-type=\"container\" data-settings=\"{&quot;_ha_eqh_enable&quot;:false}\">\n\t\t\t\t\t<div class=\"e-con-inner\">\n\t\t\t\t<div class=\"elementor-element elementor-element-b35f91c exad-sticky-section-no exad-glass-effect-no elementor-widget elementor-widget-heading\" data-id=\"b35f91c\" data-element_type=\"widget\" data-e-type=\"widget\" data-widget_type=\"heading.default\">\n\t\t\t\t<div class=\"elementor-widget-container\">\n\t\t\t\t\t<h2 class=\"elementor-heading-title elementor-size-default\">Equipo de trabajo<\/h2>\t\t\t\t<\/div>\n\t\t\t\t<\/div>\n\t\t\t\t\t<\/div>\n\t\t\t\t<\/div>\n\t\t<div class=\"elementor-element elementor-element-496668d e-grid e-con-boxed e-con e-parent\" data-id=\"496668d\" data-element_type=\"container\" data-e-type=\"container\" data-settings=\"{&quot;_ha_eqh_enable&quot;:false}\">\n\t\t\t\t\t<div class=\"e-con-inner\">\n\t\t\t\t<div class=\"elementor-element elementor-element-3b7fcfa exad-sticky-section-no exad-glass-effect-no elementor-widget elementor-widget-elementskit-team\" data-id=\"3b7fcfa\" data-element_type=\"widget\" data-e-type=\"widget\" data-settings=\"{&quot;_animation&quot;:&quot;none&quot;}\" data-widget_type=\"elementskit-team.default\">\n\t\t\t\t<div class=\"elementor-widget-container\">\n\t\t\t\t\t<div class=\"ekit-wid-con\">\t\t\t\t\t\t\t\t\n\t\t<div class=\"profile-card elementor-animation- text-center ekit-team-style-default\">\n\t\t\t\n\t\t\t\t<div class=\"profile-header ekit-team-img ekit-img-overlay ekit-team-img-block\" >\n\t\t\t\t\t<img loading=\"lazy\" decoding=\"async\" width=\"1200\" height=\"1600\" src=\"https:\/\/campus.pgalcala.es\/wp-content\/uploads\/2024\/06\/Alfonso_2.jpg\" class=\"attachment-large size-large wp-image-2071\" alt=\"\" srcset=\"https:\/\/campus.pgalcala.es\/wp-content\/uploads\/2024\/06\/Alfonso_2.jpg 1200w, https:\/\/campus.pgalcala.es\/wp-content\/uploads\/2024\/06\/Alfonso_2-225x300.jpg 225w, https:\/\/campus.pgalcala.es\/wp-content\/uploads\/2024\/06\/Alfonso_2-768x1024.jpg 768w, https:\/\/campus.pgalcala.es\/wp-content\/uploads\/2024\/06\/Alfonso_2-1152x1536.jpg 1152w\" sizes=\"(max-width: 1200px) 100vw, 1200px\" \/>\t\t\t\t<\/div><!-- .profile-header END -->\n\t\t\t\n\n\t\t\t\t<div class=\"profile-body\">\n\t\t\t\t\t\n\t\t\t\t\t<h2 class=\"profile-title\">\n\t\t\t\t\t\t\t\t\t\t\tAlfonso Toledano\t\t\t\t\t\t\t\t\t\t<\/h2>\n\t\t\t\t\t<p class=\"profile-designation\">Organizaci\u00f3n<\/p>\n\t\t\t\t\t\t\t\t\t\t<p class=\"profile-content\">Mi afici\u00f3n al baloncesto ha sido parte de mi vida. SIEMPRE a tu disposici\u00f3n para resolver aquello\u00a0que\u00a0necesites.<\/p>\n\t\t\t\t\t\t\t\t\t<\/div><!-- .profile-body END -->\n\n\t\t\t\t\t\t\t\t<\/div>\n\t\t\t\t\t\t\t\n\t\t\t\n\t\t\t\t<\/div>\t\t\t\t<\/div>\n\t\t\t\t<\/div>\n\t\t\t\t<div class=\"elementor-element elementor-element-36efa8c exad-sticky-section-no exad-glass-effect-no elementor-widget elementor-widget-elementskit-team\" data-id=\"36efa8c\" data-element_type=\"widget\" data-e-type=\"widget\" data-settings=\"{&quot;_animation&quot;:&quot;none&quot;}\" data-widget_type=\"elementskit-team.default\">\n\t\t\t\t<div class=\"elementor-widget-container\">\n\t\t\t\t\t<div class=\"ekit-wid-con\">\t\t\t\t\t\t\t\t\n\t\t<div class=\"profile-card elementor-animation- text-center ekit-team-style-default\">\n\t\t\t\n\t\t\t\t<div class=\"profile-header ekit-team-img ekit-img-overlay ekit-team-img-block\" >\n\t\t\t\t\t<img loading=\"lazy\" decoding=\"async\" width=\"1200\" height=\"1600\" src=\"https:\/\/campus.pgalcala.es\/wp-content\/uploads\/2024\/06\/Fernando_2.jpg\" class=\"attachment-large size-large wp-image-2079\" alt=\"\" srcset=\"https:\/\/campus.pgalcala.es\/wp-content\/uploads\/2024\/06\/Fernando_2.jpg 1200w, https:\/\/campus.pgalcala.es\/wp-content\/uploads\/2024\/06\/Fernando_2-225x300.jpg 225w, https:\/\/campus.pgalcala.es\/wp-content\/uploads\/2024\/06\/Fernando_2-768x1024.jpg 768w, https:\/\/campus.pgalcala.es\/wp-content\/uploads\/2024\/06\/Fernando_2-1152x1536.jpg 1152w\" sizes=\"(max-width: 1200px) 100vw, 1200px\" \/>\t\t\t\t<\/div><!-- .profile-header END -->\n\t\t\t\n\n\t\t\t\t<div class=\"profile-body\">\n\t\t\t\t\t\n\t\t\t\t\t<h2 class=\"profile-title\">\n\t\t\t\t\t\t\t\t\t\t\tFernando D\u00edaz\t\t\t\t\t\t\t\t\t\t<\/h2>\n\t\t\t\t\t<p class=\"profile-designation\">Organizaci\u00f3n<\/p>\n\t\t\t\t\t\t\t\t\t\t<p class=\"profile-content\">Apasionado del baloncesto, trabajador met\u00f3dico y autodidacta. \nDisponible cu\u00e1ndo y d\u00f3nde se me necesite.<\/p>\n\t\t\t\t\t\t\t\t\t<\/div><!-- .profile-body END -->\n\n\t\t\t\t\t\t\t\t<\/div>\n\t\t\t\t\t\t\t\n\t\t\t\n\t\t\t\t<\/div>\t\t\t\t<\/div>\n\t\t\t\t<\/div>\n\t\t\t\t<div class=\"elementor-element elementor-element-19c3868 exad-sticky-section-no exad-glass-effect-no elementor-widget elementor-widget-elementskit-team\" data-id=\"19c3868\" data-element_type=\"widget\" data-e-type=\"widget\" data-settings=\"{&quot;_animation&quot;:&quot;none&quot;}\" data-widget_type=\"elementskit-team.default\">\n\t\t\t\t<div class=\"elementor-widget-container\">\n\t\t\t\t\t<div class=\"ekit-wid-con\">\t\t\t\t\t\t\t\t\n\t\t<div class=\"profile-card elementor-animation- text-center ekit-team-style-default\">\n\t\t\t\n\t\t\t\t<div class=\"profile-header ekit-team-img ekit-img-overlay ekit-team-img-block\" >\n\t\t\t\t\t<img loading=\"lazy\" decoding=\"async\" width=\"1200\" height=\"1600\" src=\"https:\/\/campus.pgalcala.es\/wp-content\/uploads\/2024\/06\/Fran_1.jpg\" class=\"attachment-large size-large wp-image-2080\" alt=\"\" srcset=\"https:\/\/campus.pgalcala.es\/wp-content\/uploads\/2024\/06\/Fran_1.jpg 1200w, https:\/\/campus.pgalcala.es\/wp-content\/uploads\/2024\/06\/Fran_1-225x300.jpg 225w, https:\/\/campus.pgalcala.es\/wp-content\/uploads\/2024\/06\/Fran_1-768x1024.jpg 768w, https:\/\/campus.pgalcala.es\/wp-content\/uploads\/2024\/06\/Fran_1-1152x1536.jpg 1152w\" sizes=\"(max-width: 1200px) 100vw, 1200px\" \/>\t\t\t\t<\/div><!-- .profile-header END -->\n\t\t\t\n\n\t\t\t\t<div class=\"profile-body\">\n\t\t\t\t\t\n\t\t\t\t\t<h2 class=\"profile-title\">\n\t\t\t\t\t\t\t\t\t\t\tFrancisco Barrag\u00e1n\t\t\t\t\t\t\t\t\t\t<\/h2>\n\t\t\t\t\t<p class=\"profile-designation\">Organizaci\u00f3n<\/p>\n\t\t\t\t\t\t\t\t\t\t<p class=\"profile-content\">Polivalente y vers\u00e1til en todas las facetas que\u00a0me\u00a0propongo.\nPreparado para resolver cas\u00ed cualquier situaci\u00f3n.\n<\/p>\n\t\t\t\t\t\t\t\t\t<\/div><!-- .profile-body END -->\n\n\t\t\t\t\t\t\t\t<\/div>\n\t\t\t\t\t\t\t\n\t\t\t\n\t\t\t\t<\/div>\t\t\t\t<\/div>\n\t\t\t\t<\/div>\n\t\t\t\t\t<\/div>\n\t\t\t\t<\/div>\n\t\t\t\t<\/div>\n\t\t","protected":false},"excerpt":{"rendered":"<p>Nuestro equipo Tom\u00e1s L\u00f3pez Director Deportivo Ex jugador de baloncesto profesional, curso de entrenador nacional. Trabajando en la formaci\u00f3n integral de jugadores y jugadoras j\u00f3venes. Tom\u00e1s L\u00f3pez Director Deportivo Ex jugador de baloncesto profesional, curso de entrenador nacional. Trabajando en la formaci\u00f3n integral de jugadores y jugadoras j\u00f3venes. Tel\u00e9fono:+1 (859) 254-6589 Correo electr\u00f3nico:info@example.com cuerpo t\u00e9cnico [&hellip;]<\/p>\n","protected":false},"author":1,"featured_media":0,"parent":0,"menu_order":0,"comment_status":"closed","ping_status":"closed","template":"","meta":{"site-sidebar-layout":"no-sidebar","site-content-layout":"page-builder","ast-site-content-layout":"full-width-container","site-content-style":"default","site-sidebar-style":"default","ast-global-header-display":"","ast-banner-title-visibility":"","ast-main-header-display":"","ast-hfb-above-header-display":"","ast-hfb-below-header-display":"","ast-hfb-mobile-header-display":"","site-post-title":"disabled","ast-breadcrumbs-content":"","ast-featured-img":"disabled","footer-sml-layout":"","ast-disable-related-posts":"","theme-transparent-header-meta":"","adv-header-id-meta":"","stick-header-meta":"","header-above-stick-meta":"","header-main-stick-meta":"","header-below-stick-meta":"","astra-migrate-meta-layouts":"set","ast-page-background-enabled":"default","ast-page-background-meta":{"desktop":{"background-color":"","background-image":"","background-repeat":"repeat","background-position":"center center","background-size":"auto","background-attachment":"scroll","background-type":"","background-media":"","overlay-type":"","overlay-color":"","overlay-opacity":"","overlay-gradient":""},"tablet":{"background-color":"","background-image":"","background-repeat":"repeat","background-position":"center center","background-size":"auto","background-attachment":"scroll","background-type":"","background-media":"","overlay-type":"","overlay-color":"","overlay-opacity":"","overlay-gradient":""},"mobile":{"background-color":"","background-image":"","background-repeat":"repeat","background-position":"center center","background-size":"auto","background-attachment":"scroll","background-type":"","background-media":"","overlay-type":"","overlay-color":"","overlay-opacity":"","overlay-gradient":""}},"ast-content-background-meta":{"desktop":{"background-color":"var(--ast-global-color-5)","background-image":"","background-repeat":"repeat","background-position":"center center","background-size":"auto","background-attachment":"scroll","background-type":"","background-media":"","overlay-type":"","overlay-color":"","overlay-opacity":"","overlay-gradient":""},"tablet":{"background-color":"var(--ast-global-color-5)","background-image":"","background-repeat":"repeat","background-position":"center center","background-size":"auto","background-attachment":"scroll","background-type":"","background-media":"","overlay-type":"","overlay-color":"","overlay-opacity":"","overlay-gradient":""},"mobile":{"background-color":"var(--ast-global-color-5)","background-image":"","background-repeat":"repeat","background-position":"center center","background-size":"auto","background-attachment":"scroll","background-type":"","background-media":"","overlay-type":"","overlay-color":"","overlay-opacity":"","overlay-gradient":""}},"footnotes":""},"class_list":["post-1972","page","type-page","status-publish","hentry"],"_links":{"self":[{"href":"https:\/\/campus.pgalcala.es\/index.php?rest_route=\/wp\/v2\/pages\/1972","targetHints":{"allow":["GET"]}}],"collection":[{"href":"https:\/\/campus.pgalcala.es\/index.php?rest_route=\/wp\/v2\/pages"}],"about":[{"href":"https:\/\/campus.pgalcala.es\/index.php?rest_route=\/wp\/v2\/types\/page"}],"author":[{"embeddable":true,"href":"https:\/\/campus.pgalcala.es\/index.php?rest_route=\/wp\/v2\/users\/1"}],"replies":[{"embeddable":true,"href":"https:\/\/campus.pgalcala.es\/index.php?rest_route=%2Fwp%2Fv2%2Fcomments&post=1972"}],"version-history":[{"count":149,"href":"https:\/\/campus.pgalcala.es\/index.php?rest_route=\/wp\/v2\/pages\/1972\/revisions"}],"predecessor-version":[{"id":5498,"href":"https:\/\/campus.pgalcala.es\/index.php?rest_route=\/wp\/v2\/pages\/1972\/revisions\/5498"}],"wp:attachment":[{"href":"https:\/\/campus.pgalcala.es\/index.php?rest_route=%2Fwp%2Fv2%2Fmedia&parent=1972"}],"curies":[{"name":"wp","href":"https:\/\/api.w.org\/{rel}","templated":true}]}}